{"id":8867,"date":"2025-02-13T02:32:00","date_gmt":"2025-02-12T23:32:00","guid":{"rendered":"https:\/\/gc.com.tr\/english\/?page_id=8867"},"modified":"2025-07-11T14:19:06","modified_gmt":"2025-07-11T11:19:06","slug":"contact","status":"publish","type":"page","link":"https:\/\/gc.com.tr\/english\/contact\/","title":{"rendered":"Contact"},"content":{"rendered":"\t\t<div data-elementor-type=\"wp-page\" data-elementor-id=\"8867\" class=\"elementor elementor-8867\">\n\t\t\t\t<div class=\"elementor-element elementor-element-d8acd19 e-grid e-con-boxed e-con e-parent\" data-id=\"d8acd19\" data-element_type=\"container\">\n\t\t\t\t\t<div class=\"e-con-inner\">\n\t\t\t\t<div class=\"elementor-element elementor-element-c15ceb5 elementor-widget elementor-widget-html\" data-id=\"c15ceb5\" data-element_type=\"widget\" data-widget_type=\"html.default\">\n\t\t\t\t<div class=\"elementor-widget-container\">\n\t\t\t\t\t<iframe \n  src=\"https:\/\/www.google.com\/maps\/embed?pb=!1m18!1m12!1m3!1d12056.335546968448!2d29.0371113!3d41.0537494!2m3!1f0!2f0!3f0!3m2!1i1024!2i768!4f13.1!3m3!1m2!1s0x14cab769195da155%3A0x7531ba09bb76f166!2sWorkinton%20Lotus%20Ulus!5e0!3m2!1str!2str!4v1720693323742!5m2!1str!2str\" \n  width=\"600\" \n  height=\"300\" \n  style=\"border:0;\" \n  allowfullscreen=\"\" \n  loading=\"lazy\" \n  referrerpolicy=\"no-referrer-when-downgrade\">\n<\/iframe>\n\t\t\t\t<\/div>\n\t\t\t\t<\/div>\n\t\t\t\t<div class=\"elementor-element elementor-element-7a59363 elementor-widget elementor-widget-image\" data-id=\"7a59363\" data-element_type=\"widget\" data-widget_type=\"image.default\">\n\t\t\t\t<div class=\"elementor-widget-container\">\n\t\t\t\t\t\t\t\t\t\t\t\t\t\t\t<img fetchpriority=\"high\" decoding=\"async\" width=\"960\" height=\"720\" src=\"https:\/\/gc.com.tr\/english\/wp-content\/uploads\/sites\/2\/2025\/04\/ortakoy-1.jpg\" class=\"attachment-full size-full wp-image-9296\" alt=\"\" srcset=\"https:\/\/gc.com.tr\/english\/wp-content\/uploads\/sites\/2\/2025\/04\/ortakoy-1.jpg 960w, https:\/\/gc.com.tr\/english\/wp-content\/uploads\/sites\/2\/2025\/04\/ortakoy-1-300x225.jpg 300w, https:\/\/gc.com.tr\/english\/wp-content\/uploads\/sites\/2\/2025\/04\/ortakoy-1-768x576.jpg 768w, https:\/\/gc.com.tr\/english\/wp-content\/uploads\/sites\/2\/2025\/04\/ortakoy-1-900x675.jpg 900w\" sizes=\"(max-width: 960px) 100vw, 960px\" \/>\t\t\t\t\t\t\t\t\t\t\t\t\t\t\t<\/div>\n\t\t\t\t<\/div>\n\t\t\t\t<div class=\"elementor-element elementor-element-c213edd elementor-widget elementor-widget-html\" data-id=\"c213edd\" data-element_type=\"widget\" data-widget_type=\"html.default\">\n\t\t\t\t<div class=\"elementor-widget-container\">\n\t\t\t\t\t<div class=\"wpb_column vc_column_container vc_col-sm-12 vc_col-lg-4\" style=\"padding-left:20px;padding-top:20px\"><div class=\"vc_column-inner\"><div class=\"wpb_wrapper\">\n<div class=\"stm_contacts_widget vc_custom_1565353404855 overlay_3 color_white style_1\">\n    \n            <h4 class=\"no_stripe\">Contact Details\n<\/h4>\n    \n    \n        <ul>\n                            <li>\n                    <div class=\"icon\"><i class=\"fa fa-map-marker\"><\/i><\/div>\n                    <div class=\"text\">Lotusworld Building, Floor 5, No:6\/16\nAmbarl\u0131dere Yolu Street, Ortak\u00f6y District\nBe\u015fikta\u015f, Istanbul, Turkey\n\n<\/div>\n                <\/li>\n                                        <li>\n                    <div class=\"icon\"><i class=\"fa fa-phone\"><\/i><\/div>\n                    <div class=\"text\">\n                        +90 (850) 336 0000                                         <\/div>\n                <\/li>\n                                                    <li>\n                    <div class=\"icon\"><i class=\"fa fa-envelope\"><\/i><\/div>\n                    <div class=\"text\"><a href=\"mailto:brandon@consulting.com\">info@gc.com.tr<\/a><\/div>\n                <\/li>\n                                <\/ul>\n                    <ul class=\"socials\">\n                                                           <li><a href=\"#\" target=\"_blank\" class=\"social-linkedin\"><i class=\"fa fa-linkedin\"><\/i><\/a><\/li>\n                                   \n                            <\/ul>\n        \n    \n<\/div><\/div><\/div><\/div>\t\t\t\t<\/div>\n\t\t\t\t<\/div>\n\t\t\t\t\t<\/div>\n\t\t\t\t<\/div>\n\t\t\t\t<\/div>\n\t\t","protected":false},"excerpt":{"rendered":"<p>Contact Details Lotusworld Building, Floor 5, No:6\/16 Ambarl\u0131dere Yolu Street, Ortak\u00f6y District Be\u015fikta\u015f, Istanbul, Turkey +90 (850) 336 0000 info@gc.com.tr<\/p>\n","protected":false},"author":1,"featured_media":0,"parent":0,"menu_order":0,"comment_status":"closed","ping_status":"closed","template":"","meta":{"footnotes":""},"class_list":["post-8867","page","type-page","status-publish","hentry"],"_links":{"self":[{"href":"https:\/\/gc.com.tr\/english\/wp-json\/wp\/v2\/pages\/8867","targetHints":{"allow":["GET"]}}],"collection":[{"href":"https:\/\/gc.com.tr\/english\/wp-json\/wp\/v2\/pages"}],"about":[{"href":"https:\/\/gc.com.tr\/english\/wp-json\/wp\/v2\/types\/page"}],"author":[{"embeddable":true,"href":"https:\/\/gc.com.tr\/english\/wp-json\/wp\/v2\/users\/1"}],"replies":[{"embeddable":true,"href":"https:\/\/gc.com.tr\/english\/wp-json\/wp\/v2\/comments?post=8867"}],"version-history":[{"count":34,"href":"https:\/\/gc.com.tr\/english\/wp-json\/wp\/v2\/pages\/8867\/revisions"}],"predecessor-version":[{"id":9323,"href":"https:\/\/gc.com.tr\/english\/wp-json\/wp\/v2\/pages\/8867\/revisions\/9323"}],"wp:attachment":[{"href":"https:\/\/gc.com.tr\/english\/wp-json\/wp\/v2\/media?parent=8867"}],"curies":[{"name":"wp","href":"https:\/\/api.w.org\/{rel}","templated":true}]}}